{"id":61,"date":"2022-09-09T02:16:18","date_gmt":"2022-09-09T02:16:18","guid":{"rendered":"https:\/\/www.revistasmedicas.org\/?page_id=61"},"modified":"2024-07-31T11:51:32","modified_gmt":"2024-07-31T16:51:32","slug":"buscador","status":"publish","type":"page","link":"https:\/\/www.revistasmedicas.org\/index.php\/buscador\/","title":{"rendered":"Buscador en Revistas Latinoamericanas"},"content":{"rendered":"\n<div class=\"wp-block-buttons is-layout-flex wp-block-buttons-is-layout-flex\">\n<div class=\"wp-block-button\" id=\"btnpordisciplina\"><a class=\"wp-block-button__link has-white-color has-vivid-cyan-blue-background-color has-text-color has-background wp-element-button\" style=\"border-radius:11px\">Revistas<\/a><\/div>\n\n\n\n<div class=\"wp-block-button\" id=\"btnbuscador\"><a class=\"wp-block-button__link has-white-color has-vivid-cyan-blue-background-color has-text-color has-background wp-element-button\" style=\"border-radius:11px\">Buscador<\/a><\/div>\n<\/div>\n\n\n\n<div style=\"height:100px\" aria-hidden=\"true\" class=\"wp-block-spacer\"><\/div>\n\n\n\n<input type=\"hidden\" id=\"catjsonfield\"><div id=\"categories\" style=\"display:none;\"><\/div>\n\n\n\n<div id=\"buscador\" style=\"display:none;margin-bottom:20px;\">\nBuscar en t\u00edtulo:\n<input type=\"text\" name=\"buscartitulo\" id=\"buscartitulo\" value=\"\">\n<input id=\"searchbtn\" name=\"searchbtn\" type=\"button\" value=\"Buscar\" onclick=\"test();\">\n<input type=\"hidden\" id=\"searchlilacs\" value=\"1\">\n<form><input type=\"hidden\" id=\"artid\"><\/form>\n\n<script>\n\n$('#buscartitulo').change(function() {$('#searchlilacs').val(1);});\n\nfunction get_journal_name(jid) {\nvar journalid = jid;\nif (journalid == 1) var journal ='Rev Med Panama';\nelse if (journalid == 2) var journal ='UNACHI';\nelse if (journalid == 3) var journal ='Rev Fed COG';\n\/\/if (journalid == 4) var journal ='Rev Med Panama';\nelse if (journalid == 5) var journal ='Rev. Soc. Ped. Panama';\nelse if (journalid == 11) var journal ='Gene Genom Clinic';\nelse if (journalid == 9999) var journal = 'Repositorio RM';\nelse var journal = 'Unk';\nreturn journal;\n}\n\nfunction goviewart(id,longstring) {\n$('#artid').val(id);\nvar artid = id;\n\n$.post(\"\/\",{artid:artid,longstring:longstring},function(data) {\n\/\/alert(data);\n\n\/\/Reset links\n$('#l1').val();\n$('#l2').val();\n$('#l3').val();\n$('#resultados').hide();\n$('#article').show();\n\/\/if ($('#buscartitulo').val() == 'educacion') {alert(data);}\nvar json = JSON.parse(data);\n\npopulateart(json);\n\n\n});\n}\n\n\nfunction test() {\n$('#lilacs').html();\nif ($('#searchlilacs').val() == 1)\n$('#lilacsbox').hide();\n$('#errorbox').hide();\n$('#resultados').hide();\n\/\/$('#currentpage').val();\nvar buscartitulo = $(\"#buscartitulo\").val();\n\nif (buscartitulo.length<4) {alert('Favor buscar t\u00e9rminos mayor de 3 caracteres.');exit;}\nvar pages = $('#pages').val();\nvar currentpage = $('#currentpage').val();\n\n$.post(\"\/\",{buscartitulo:buscartitulo,currentpage:currentpage,pages:pages},function(data) {\n\/\/if (buscartitulo == 'zika') alert(data);\nvar json = JSON.parse(data);\nif (json[\"results\"]=='no_results;') {\n$('#errorbox').html('No hay resultados disponibles para la b\u00fasqueda.');\n$('#errorbox').show();exit;}\n\n\/\/if(buscartitulo == 'internet') alert(data);\nfor (var i = 0; i < json .length; i++) {\n\/\/alert(json[i][\"title\"]);\n\n\/\/alert(JSON.stringify(json[i]));\n\nif (i==0) { \n\n$('#pages').val(json[i]['pages']);\n$('#currentpage').val(json[i]['currentpage']);\n$('#searchresult').html(\"\");\n}\nelse\n{\n\n\/\/if the pubid is among the orphans, then hide.\nvar orfans = '';\nvar orfansx  =',324,97,118,124,174,177,178,179,180,181,182,183,184,185,186,187,188,189,190,191,192,193,194,195,196,197,198,199,200,201,202,203,204,205,206,207,208,209,210,211,212,213,214,215,216,217,218,219,220,221,222,223,224,225,226,227,228,229,230,231,232,233,234,235,236,237,238,239,240,241,242,243,244,245,246,247,248,249,250,251,252,253,254,255,256,257,258,259,260,261,262,263,264,265,266,267,268,269,270,271,272,273,274,275,276,277,278,279,280,281,282,283,284,285,286,287,288,289,290,291,292,293,294,295,296,297,298,299,300,301,302,303,304,305,306,345,353,356,368,369,376,394,396,398,399,400,401,402,403,404,405,417,428,430,431,433,434,441,442,443,444,458,463,471,509,510,511,512,514,780,785,798,802,804,809,810,823,825,1449,1450,1451,2051,2052,2053,2070,2088,2094,2180,2220,2235,2237,2248,2254,2255,2259,2264,2265,2276,2289,2299,2310,2315,2323,2324,2348,2351,2352,2353,2360,2367,2370,2371,2372,2373,2376,2377,2388,2395,2396,2398,2399,2403,2404,2405,2406,2408,2409,2411,2413,2420,2422,2425,2426,2428,2430,2432,2435,2437,2438,2439,2440,2441,2442,2443,2444,2445,2446,2447,2448,2449,2450,2451,2452,2453,2454,2455,2456,';\n\n\n\n\/\/var journal = get_journal_name(json[i]['issueinfo']['journal_id']);\nvar journal = get_journal_name(json[i]['issueinfo']['journal_id']);\n\njournal = journal + ' ' + json[i]['issueinfo']['year'] +':'+json[i]['issueinfo']['number'] +' ('+ json[i]['issueinfo']['number'] +').';\n\nvar pn = '';\nif (typeof json[i]['pages'] === 'undefined') {} else {journal = journal + ' p'+json[i]['pages'] + '.';}\n\n\nvar doi = '';\nif ( typeof json[i]['pub-id::doi'] == 'undefined')\n{}\nelse if (json[i]['pub-id::doi']=='') {}\nelse {\n\ndoi='DOI: <a target=_new href=\"https:\/\/doi.org\/'+json[i]['pub-id::doi']+'\">'+json[i]['pub-id::doi']+'<\/a>';\n}\n\n\nvar longstring = btoa(journal)+'|'+btoa(json[i]['authors'])+'|'+btoa(doi)+'|'+json[i]['publication_id']+'|'+json[i]['issueinfo']['journal_id'];\n\nvar tt = '<p onclick=\"goviewart('+json[i]['publication_id']+',\\''+longstring+'\\');\" id=\"seeart'+json[i]['publication_id']+'\" style=\"text-decoration: underline;cursor: pointer;\" class=\"has-vivid-cyan-blue-color has-text-color\">' + json[i][\"title-es_ES\"]+ '<div><\/div><\/p>';\n\nvar ta = '<p class=\"authorsstyle\">'+json[i]['authors']+'<\/p>';\n\nvar tb = '<div class=\"wp-container-5 wp-block-columns\"><div class=\"wp-container-2 wp-block-column\"><p class=\"has-vivid-cyan-blue-color has-text-color\"><strong>' + journal + '<\/strong><br>' +doi+'<\/p><\/div><div class=\"wp-container-4 wp-block-column\"><div class=\"wp-container-3 wp-block-buttons\"><div class=\"wp-block-button has-custom-width wp-block-button__width-50 has-custom-font-size has-small-font-size\"><!--<a class=\"wp-block-button__link has-white-color has-vivid-cyan-blue-to-vivid-purple-gradient-background has-text-color has-background\">Texto Completo\/PDF<\/a>--><\/div><\/div><\/div><\/div>';\n\n\n\nvar pubid = json[i]['publication_id'];\n\nvar ntest = parseInt(orfans.indexOf(','+pubid+','));\nntest = ntest * 1;\nif (ntest == -1) {$('#searchresult').append(tt+ta+tb);} else {}\n\n\n}\n\n$('#resultados').show();\n\n}\n\n\nvar query = $('#buscartitulo').val();\nvar searchlilacs = $('#searchlilacs').val();\n\nif (searchlilacs == 1) {\n$('#searchlilacs').val(0);\n$.post('\/harvest_scielo.php',{query:query},function(data) {\n$('#lilacs').html(atob(data));\n$('#lilacsbox').show();\n});\n}\n\n});\n}\n\n\n\n\n<\/script>\n<input type=\"button\" id=\"gencatbtn\" value=\"Gen\" style=\"display:none;\">\n<\/div>\n\n\n\n<style>\n#lilacs {height:200px;overflow:auto;}\n#searchresult > p {margin-bottom:0px;}\n#buscartitulo {width:50%;}\n#infoauthors {font-weight:bold;}\n#journalid, #articledoi,.regresarbox {width:100%;text-align:right;}\n#journalid {color: #3d6f0c;}\n#articledoi {margin-bottom:10px;}\n.authorsstyle a {color:black;font:0.9em;}\n.categorydiv {float:left;margin:10px;width:175px;}\n<\/style>\n\n\n\n<div id=\"resultados\" style=\"display:none;\">\n\n\n\n<h2 class=\"wp-block-heading\"><strong>Resultados de B\u00fasqueda<\/strong><\/h2>\n\n\n\n<div class=\"pagebox\">P\u00e1gina <input type=\"text\" id=\"currentpage\" value=\"1\" readonly=\"readonly\"> de <input type=\"text\" id=\"pages\" value=\"1\" readonly=\"readonly\">\n<style>#pages,#currentpage {width:40px;readonly:readonly}.pagebox {width:100%;text-align:right;}<\/style>\n<\/div>\n<div id=\"searchresult\">\n\n<\/div><!-- END OF SEARCH RESULTS -->\n\n\n\n<div class=\"wp-block-columns is-layout-flex wp-container-core-columns-is-layout-1 wp-block-columns-is-layout-flex\">\n<div class=\"wp-block-column is-layout-flow wp-block-column-is-layout-flow\">\n<div class=\"wp-block-buttons is-layout-flex wp-block-buttons-is-layout-flex\">\n<div class=\"wp-block-button\" id=\"prevpagebtn\"><a class=\"wp-block-button__link has-white-color has-text-color wp-element-button\">&lt;&lt;&lt;<\/a><\/div>\n<\/div>\n<\/div>\n\n\n\n<div class=\"wp-block-column is-layout-flow wp-block-column-is-layout-flow\">\n<div class=\"wp-block-buttons is-content-justification-right is-layout-flex wp-container-core-buttons-is-layout-3 wp-block-buttons-is-layout-flex\">\n<div class=\"wp-block-button\" id=\"nextpagebtn\"><a class=\"wp-block-button__link has-white-color has-text-color wp-element-button\">&gt;&gt;&gt;<\/a><\/div>\n<\/div>\n<\/div>\n<\/div>\n\n\n\n<\/div> <!-- END OF RESULTADOS -->\n<div id=errorbox style=\"display:none;width:100%;text-align:center;\"><\/div>\n<script>\n$('#nextpagebtn').css('disabled','disabled');\n$('#nextpagebtn').click(function() {\nvar pages = parseInt($('#pages').val());\nvar currentpage = parseInt($('#currentpage').val());\nif (currentpage == pages) {alert('Ha llegado a la ultima pagina.');} \nelse if (currentpage < pages) {currentpage++;$('#currentpage').val(currentpage);test();}\n\/\/else {currentpage++; $('#currentpage').val(currentpage);test();}\n});\n$('#prevpagebtn').click(function() {\nvar pages = $('#pages').val();\nvar currentpage = $('#currentpage').val();\nif (currentpage == 1) {} else {currentpage--; $('#currentpage').val(currentpage);test();}\n});\n<\/script>\n <!-- END OF RESULTADOS -->\n<div id=\"article\" style=\"display:none;\">\n\n\n\n<h2 class=\"wp-block-heading\">Art\u00edculo<\/h2>\n\n\n\n<input type=\"hidden\" id=\"l1\">\n<input type=\"hidden\" id=\"l2\">\n<input type=\"hidden\" id=\"l3\">\n<input type=\"hidden\" id=\"artid_todelete\">\n\n<div class=\"regresarbox\"><input id=\"regresar\" name=\"regresar\" type=\"button\" value=\"<<<Regresar\"><\/div>\n<h2 id=\"infotitle\">[]<\/h2>\n<div id=\"infoauthors\"><\/div>\n<div id=\"journalid\"><\/div>\n<div id=\"articledoi\"><\/div>\n<input type=\"hidden\" id=\"showurl\">\n<div class=\"regresarbox\"><input id=\"viewd\" name=\"viewd\" type=\"button\" value=\"PDF\"><\/div>\n<div id=\"abstract\"><\/div>\n\n\n\n<\/div> <!--END OF ARTICLE -->\n<div id=\"pordisciplina\" style=\"display:none;\">\n\n\n\n<h2 class=\"wp-block-heading\">Por Disciplina<\/h2>\n\n\n<p><!-- END OF POR DISCIPLINA--><\/p>\n<div id=\"revistas\" style=\"display:none;\"><\/div>\n\n\n<div style=\"display:none;\"><h2>Revista Latinoamericana de Bioinform\u00e1tica y Gen\u00f3mica<\/h2>\n\n\n\n<div class=\"wp-block-columns is-layout-flex wp-container-core-columns-is-layout-2 wp-block-columns-is-layout-flex\">\n<div class=\"wp-block-column is-layout-flow wp-block-column-is-layout-flow\" style=\"flex-basis:33.33%\"><div class=\"wp-block-image\">\n<figure class=\"aligncenter size-large is-resized\"><img loading=\"lazy\" decoding=\"async\" width=\"769\" height=\"1024\" src=\"https:\/\/www.revistasmedicas.org\/wp-content\/uploads\/2022\/12\/portadav3-769x1024.png\" alt=\"\" class=\"wp-image-788\" style=\"width:196px;height:260px\" srcset=\"https:\/\/www.revistasmedicas.org\/wp-content\/uploads\/2022\/12\/portadav3-769x1024.png 769w, https:\/\/www.revistasmedicas.org\/wp-content\/uploads\/2022\/12\/portadav3-225x300.png 225w, https:\/\/www.revistasmedicas.org\/wp-content\/uploads\/2022\/12\/portadav3-768x1023.png 768w, https:\/\/www.revistasmedicas.org\/wp-content\/uploads\/2022\/12\/portadav3.png 900w\" sizes=\"(max-width: 769px) 100vw, 769px\" \/><\/figure><\/div><\/div>\n\n\n\n<div class=\"wp-block-column is-layout-flow wp-block-column-is-layout-flow\" style=\"flex-basis:66.66%\">\n<p>La Revista Gen\u00e9tica y Gen\u00f3mica Iberoam\u00e9rica es un esfuerzo regional para condensar la producci\u00f3n literaria de estas novedosas disciplinas, incluyendo m biolog\u00eda, gen\u00e9tica y la salud. El conocimiento en gen\u00f3mica aplicada a la salud incremente r\u00e1pidamente utilizando tecnolog\u00edas moleculares y de secuenciaci\u00f3n, permitiendo comprender el funcionamiento y mecanismos celulares que son las bases de las enfermedades gen\u00e9ticas.<\/p>\n\n\n\n<p><\/p>\n<\/div>\n<\/div>\n\n\n\n<p>Los invitamos a perticipar con su producci\u00f3n literaria para dar a conocer los avances m\u00e1s importantes de la regi\u00f3n.<\/p>\n\n\n\n<div class=\"wp-block-buttons is-layout-flex wp-block-buttons-is-layout-flex\">\n<div class=\"wp-block-button\"><a class=\"wp-block-button__link wp-element-button\">Informaci\u00f3n para los autores<\/a><\/div>\n\n\n\n<div class=\"wp-block-button\"><a class=\"wp-block-button__link wp-element-button\">Informaci\u00f3n para los revisores<\/a><\/div>\n<\/div>\n\n\n\n<\/div>\n\n\n\n<div style=\"height:100px\" aria-hidden=\"true\" class=\"wp-block-spacer\"><\/div>\n\n\n\n<h1 class=\"wp-block-heading\">Revista M\u00e9dica de Panam\u00e1 - APMC<\/h1>\n\n\n\n<p><\/p>\n\n\n\n<div class=\"wp-block-columns is-layout-flex wp-container-core-columns-is-layout-3 wp-block-columns-is-layout-flex\">\n<div class=\"wp-block-column is-layout-flow wp-block-column-is-layout-flow\" style=\"flex-basis:33.33%\">\n<figure class=\"wp-block-image size-full is-resized\"><img loading=\"lazy\" decoding=\"async\" width=\"150\" height=\"210\" src=\"https:\/\/www.revistasmedicas.org\/wp-content\/uploads\/2022\/10\/portada_rmdp.jpg\" alt=\"\" class=\"wp-image-137\" style=\"width:212px;height:297px\"\/><\/figure>\n<\/div>\n\n\n\n<div class=\"wp-block-column is-layout-flow wp-block-column-is-layout-flow\" style=\"flex-basis:66.66%\">\n<p><\/p>\n\n\n\n<p>La Revista M\u00e9dica de Panam\u00e1 es la revista acad\u00e9mica de medicina con mayor trayectoria en el pa\u00eds. Sus contribuciones son locales, regionales y de Europa.<\/p>\n\n\n\n<p><a href=\"https:\/\/www.revistamedica.org\" target=\"_blank\" rel=\"noreferrer noopener\">https:\/\/www.revistamedica.org<\/a><\/p>\n<\/div>\n<\/div>\n\n\n\n<div style=\"height:100px\" aria-hidden=\"true\" class=\"wp-block-spacer\"><\/div>\n\n\n\n<h1 class=\"wp-block-heading\">Revista Latinoamericana de Ginecolog\u00eda y Obstetricia - FECASOG<\/h1>\n\n\n\n<p><\/p>\n\n\n\n<div class=\"wp-block-columns is-layout-flex wp-container-core-columns-is-layout-4 wp-block-columns-is-layout-flex\">\n<div class=\"wp-block-column is-layout-flow wp-block-column-is-layout-flow\" style=\"flex-basis:33.33%\">\n<figure class=\"wp-block-image size-full is-resized\"><img loading=\"lazy\" decoding=\"async\" width=\"150\" height=\"210\" src=\"https:\/\/www.revistasmedicas.org\/wp-content\/uploads\/2022\/10\/portada-fecasog.jpg\" alt=\"\" class=\"wp-image-135\" style=\"width:208px;height:292px\"\/><\/figure>\n<\/div>\n\n\n\n<div class=\"wp-block-column is-layout-flow wp-block-column-is-layout-flow\" style=\"flex-basis:66.66%\">\n<p><\/p>\n\n\n\n<p>La Revista RevCOG es el medio de publicaci\u00f3n oficial de la Federaci\u00f3n Latinoamericana de Ginecolog\u00eda y Obstetricia, contribuyendo as\u00ed a la salud materno-fetal en la regi\u00f3n.<\/p>\n\n\n\n<p>Sitio de Internet: <a rel=\"noreferrer noopener\" href=\"https:\/\/www.revcog.org\" target=\"_blank\">https:\/\/www.revcog.org<\/a><\/p>\n\n\n\n<p><\/p>\n<\/div>\n<\/div>\n\n\n\n<div style=\"height:100px\" aria-hidden=\"true\" class=\"wp-block-spacer\"><\/div>\n\n\n\n<h1 class=\"wp-block-heading\">Revista Pedi\u00e1trica de Panam\u00e1 - RSPP<\/h1>\n\n\n\n<p><\/p>\n\n\n\n<div class=\"wp-block-columns is-layout-flex wp-container-core-columns-is-layout-5 wp-block-columns-is-layout-flex\">\n<div class=\"wp-block-column is-layout-flow wp-block-column-is-layout-flow\" style=\"flex-basis:33.33%\">\n<figure class=\"wp-block-image size-full is-resized\"><img loading=\"lazy\" decoding=\"async\" width=\"280\" height=\"392\" src=\"https:\/\/www.revistasmedicas.org\/wp-content\/uploads\/2022\/10\/portada_rspp.jpg\" alt=\"\" class=\"wp-image-138\" style=\"width:213px;height:299px\" srcset=\"https:\/\/www.revistasmedicas.org\/wp-content\/uploads\/2022\/10\/portada_rspp.jpg 280w, https:\/\/www.revistasmedicas.org\/wp-content\/uploads\/2022\/10\/portada_rspp-214x300.jpg 214w\" sizes=\"(max-width: 280px) 100vw, 280px\" \/><\/figure>\n<\/div>\n\n\n\n<div class=\"wp-block-column is-layout-flow wp-block-column-is-layout-flow\" style=\"flex-basis:66.66%\">\n<p><\/p>\n\n\n\n<p>La Revista Pedi\u00e1trica de Panam\u00e1 es el principal medio de divulgaci\u00f3n de la producci\u00f3n cient\u00edfica de Panam\u00e1, participando otros pa\u00edses de la regi\u00f3n.<\/p>\n\n\n\n<p>Sitio de Internet: <a href=\"https:\/\/www.pediatricadepanama.org\" target=\"_blank\" rel=\"noreferrer noopener\">https:\/\/www.pediatricadepanama.org<\/a><\/p>\n<\/div>\n<\/div>\n\n\n\n<h1 class=\"wp-block-heading\">Revista Gen\u00e9tica y Gen\u00f3mica Cl\u00ednica<\/h1>\n\n\n\n<div class=\"wp-block-columns is-layout-flex wp-container-core-columns-is-layout-6 wp-block-columns-is-layout-flex\">\n<div class=\"wp-block-column is-layout-flow wp-block-column-is-layout-flow\" style=\"flex-basis:33.33%\">\n<figure class=\"wp-block-image size-large is-resized\"><a href=\"https:\/\/www.geneticalatam.org\"><img loading=\"lazy\" decoding=\"async\" width=\"769\" height=\"1024\" src=\"https:\/\/www.revistasmedicas.org\/wp-content\/uploads\/2024\/01\/ggcl_es_ES-769x1024.jpg\" alt=\"\" class=\"wp-image-815\" style=\"width:218px;height:290px\" srcset=\"https:\/\/www.revistasmedicas.org\/wp-content\/uploads\/2024\/01\/ggcl_es_ES-769x1024.jpg 769w, https:\/\/www.revistasmedicas.org\/wp-content\/uploads\/2024\/01\/ggcl_es_ES-225x300.jpg 225w, https:\/\/www.revistasmedicas.org\/wp-content\/uploads\/2024\/01\/ggcl_es_ES-768x1023.jpg 768w, https:\/\/www.revistasmedicas.org\/wp-content\/uploads\/2024\/01\/ggcl_es_ES.jpg 900w\" sizes=\"(max-width: 769px) 100vw, 769px\" \/><\/a><\/figure>\n<\/div>\n\n\n\n<div class=\"wp-block-column is-layout-flow wp-block-column-is-layout-flow\" style=\"flex-basis:66.66%\">\n<p><\/p>\n\n\n\n<p>La Revista Gen\u00e9tica y Gen\u00f3mica Cl\u00ednica es una nueva revista que inici\u00f3 en el a\u00f1o 2023, con un grupo de genetistas cl\u00ednico y moleculares de m\u00faltiples paises latinoamericano como Rep\u00fablica Dominicana, M\u00e9xico, Colombia, y Panam\u00e1.<\/p>\n\n\n\n<p>Sitio de Internet: <a href=\"https:\/\/www.geneticalatam.org\">https:\/\/www.geneticalatam.org<\/a><\/p>\n\n\n\n<p><\/p>\n<\/div>\n<\/div>\n\n\n\n<\/div>\n<script>\n   $('#buscartitulo').on('keypress', function (e) {\n         if(e.which === 13){\n            \/\/Disable textbox to prevent multiple submit\n            $(this).attr(\"disabled\", \"disabled\");\n$('#currentpage').val(1);\n             $('#searchbtn').click();\n            \/\/Enable the textbox again if needed.\n            $(this).removeAttr(\"disabled\");\n         }\n   });\n$('#viewd').click(function() {\nvar a = $('#l1').val();\nvar b = $('#l2').val();\nvar c = $('#l3').val();\nvar l = a+b+c;\nvar artid = $('#artid').val();\nvar test = atob(l);\nif (test.indexOf('oldrm')>-1) \n{\nvar rr = test.split('\\|');\n\/\/http:\/\/access.revistasmedicas.org\/pdf\/?old=\n\nwindow.open('http:\/\/access.revistasmedicas.org\/pdf\/?old='+rr[1],'_self');\n}\nelse\nwindow.open('http:\/\/access.revistasmedicas.org\/pdf\/?code='+l+'&artid=' + artid,'_self');\n});\nfunction populateart(data) {\n\n$('#buscador').hide();\nvar longstring = data.longstring;\nvar arr = longstring.split('|');\nvar urlarrq = data.url;\nvar urlarr = urlarrq.split('|');\n\n$('#l1').val(urlarr[0]);\n$('#l2').val(urlarr[1]);\n$('#l3').val(urlarr[2]);\n$('#infotitle').html(data.title);\n$('#abstract').html(data.abstract);\n$('#infoauthors').html(atob(arr[1]));\n$('#articledoi').html(atob(arr[2]));\nvar journalid = atob(arr[0]);\n$('#journalid').html(journalid);\n}\n$('#btnpordisciplina').click(function() {\n$('#pordisciplina').show();\n$('#resultados').hide();\n$('#revistas').hide();\n$('#article').hide();\n$('#buscador').hide();\n});\n$('#regresar').click(function () {\n$('#infotitle').html(\"\");\n$('#abstract').html(\"\");\n$('#infoauthors').html(\"\");\n$('#articledoi').html(\"\");\n$('#journalid').html(\"\");\n$('#pordisciplina').hide();\n$('#resultados').hide();\n$('#revistas').hide();\n$('#article').hide();\n$('#buscador').show();\n});\n$('#btnrevistas').click(function() {\n$('#pordisciplina').hide();\n$('#resultados').hide();\n$('#revistas').show();\n$('#article').hide();\n$('#buscador').hide();\n});\n$('#btnbuscador').click(function() {\n$('#pordisciplina').hide();\n$('#resultados').hide();\n$('#revistas').hide();\n$('#article').hide();\n$('#buscador').show();\n});\n$('#buscador').show();\n$('#gencatbtn').click(function() {\nvar gencategoryindex = \"1\";\n$.post('\/index.php',{gencategoryindex:gencategoryindex},function(data) {\nalert(data);\n});\n});\n$.post('\/generate_categories.php',{},function(data) {\nvar catjson = atob(data);\n$('#catjsonfield').val(catjson);\nvar json = JSON.parse(catjson);\nfor (i=0;i<json.length;i++) {\n$('#categories').append('<div class=\"categorydiv\" onclick=\"alert(\\''+json[i]['category']+'\\');\">'+json[i]['category']+' ('+json[i]['num']+')<\/div>');\n}\n});\n<\/script>\n","protected":false},"excerpt":{"rendered":"<p>Buscar en t\u00edtulo: Resultados de B\u00fasqueda P\u00e1gina de Art\u00edculo [] Por Disciplina Revista Latinoamericana de Bioinform\u00e1tica y Gen\u00f3mica La Revista Gen\u00e9tica y Gen\u00f3mica Iberoam\u00e9rica es un esfuerzo regional para condensar&hellip; <\/p>\n","protected":false},"author":1,"featured_media":0,"parent":0,"menu_order":0,"comment_status":"closed","ping_status":"closed","template":"","meta":{"footnotes":""},"folder":[],"class_list":["post-61","page","type-page","status-publish","hentry"],"_links":{"self":[{"href":"https:\/\/www.revistasmedicas.org\/index.php\/wp-json\/wp\/v2\/pages\/61"}],"collection":[{"href":"https:\/\/www.revistasmedicas.org\/index.php\/wp-json\/wp\/v2\/pages"}],"about":[{"href":"https:\/\/www.revistasmedicas.org\/index.php\/wp-json\/wp\/v2\/types\/page"}],"author":[{"embeddable":true,"href":"https:\/\/www.revistasmedicas.org\/index.php\/wp-json\/wp\/v2\/users\/1"}],"replies":[{"embeddable":true,"href":"https:\/\/www.revistasmedicas.org\/index.php\/wp-json\/wp\/v2\/comments?post=61"}],"version-history":[{"count":438,"href":"https:\/\/www.revistasmedicas.org\/index.php\/wp-json\/wp\/v2\/pages\/61\/revisions"}],"predecessor-version":[{"id":943,"href":"https:\/\/www.revistasmedicas.org\/index.php\/wp-json\/wp\/v2\/pages\/61\/revisions\/943"}],"wp:attachment":[{"href":"https:\/\/www.revistasmedicas.org\/index.php\/wp-json\/wp\/v2\/media?parent=61"}],"wp:term":[{"taxonomy":"folder","embeddable":true,"href":"https:\/\/www.revistasmedicas.org\/index.php\/wp-json\/wp\/v2\/folder?post=61"}],"curies":[{"name":"wp","href":"https:\/\/api.w.org\/{rel}","templated":true}]}}